{"id":1577,"date":"2025-11-26T22:16:25","date_gmt":"2025-11-26T22:16:25","guid":{"rendered":"https:\/\/caminhosdealagoas.com\/?post_type=product&#038;p=1577"},"modified":"2025-12-01T16:38:04","modified_gmt":"2025-12-01T16:38:04","slug":"piscinas-naturais-maceio-praia-de-ponta-verde","status":"publish","type":"product","link":"https:\/\/caminhosdealagoas.com\/zh\/product\/piscinas-naturais-maceio-praia-de-ponta-verde\/","title":{"rendered":"Piscinas Naturais (Macei\u00f3\/ Praia De Ponta Verde)"},"content":{"rendered":"<p>Desfrute de uma experi\u00eancia inesquec\u00edvel nas piscinas naturais de Macei\u00f3, um dos principais cart\u00f5es-postais da cidade. Durante o passeio, os visitantes poder\u00e3o mergulhar, tirar fotos incr\u00edveis e relaxar nas \u00e1guas tranquilas da regi\u00e3o. O trajeto \u00e9 acompanhado por equipe especializada e inclui embarca\u00e7\u00e3o e seguro para todos os participantes.<\/p>","protected":false},"excerpt":{"rendered":"<p>Um passeio imperd\u00edvel pelas piscinas naturais e o Farol da praia de Ponta Verde em Macei\u00f3, com \u00e1guas mornas e transparentes ideais para banho, fotos e observa\u00e7\u00e3o de peixes coloridos.<\/p>","protected":false},"featured_media":1582,"template":"","meta":{"_acf_changed":false},"product_brand":[],"product_cat":[19],"product_tag":[],"class_list":{"0":"post-1577","1":"product","2":"type-product","3":"status-publish","4":"has-post-thumbnail","6":"product_cat-passeios","8":"first","9":"instock","10":"virtual","11":"sold-individually","12":"taxable","13":"purchasable","14":"product-type-booking"},"acf":[],"_links":{"self":[{"href":"https:\/\/caminhosdealagoas.com\/zh\/wp-json\/wp\/v2\/product\/1577","targetHints":{"allow":["GET"]}}],"collection":[{"href":"https:\/\/caminhosdealagoas.com\/zh\/wp-json\/wp\/v2\/product"}],"about":[{"href":"https:\/\/caminhosdealagoas.com\/zh\/wp-json\/wp\/v2\/types\/product"}],"wp:featuredmedia":[{"embeddable":true,"href":"https:\/\/caminhosdealagoas.com\/zh\/wp-json\/wp\/v2\/media\/1582"}],"wp:attachment":[{"href":"https:\/\/caminhosdealagoas.com\/zh\/wp-json\/wp\/v2\/media?parent=1577"}],"wp:term":[{"taxonomy":"product_brand","embeddable":true,"href":"https:\/\/caminhosdealagoas.com\/zh\/wp-json\/wp\/v2\/product_brand?post=1577"},{"taxonomy":"product_cat","embeddable":true,"href":"https:\/\/caminhosdealagoas.com\/zh\/wp-json\/wp\/v2\/product_cat?post=1577"},{"taxonomy":"product_tag","embeddable":true,"href":"https:\/\/caminhosdealagoas.com\/zh\/wp-json\/wp\/v2\/product_tag?post=1577"}],"curies":[{"name":"wp","href":"https:\/\/api.w.org\/{rel}","templated":true}]}}